{"id":2475,"date":"2020-02-29T19:24:36","date_gmt":"2020-02-29T19:24:36","guid":{"rendered":"https:\/\/sail4fun.fi\/?page_id=2475"},"modified":"2024-01-25T20:07:07","modified_gmt":"2024-01-25T18:07:07","slug":"register-och-dataskyddsbeskrivning","status":"publish","type":"page","link":"https:\/\/sail4fun.fi\/en\/register-och-dataskyddsbeskrivning\/","title":{"rendered":"Register- och Dataskyddsbeskrivning"},"content":{"rendered":"\n<h3 class=\"wp-block-heading\">Register- och dataskyddsbeskrivning<\/h3>\n\n\n\n<h4 class=\"wp-block-heading\">1. Personuppgiftsansvarig<\/h4>\n\n\n\n<p>Oy Sail4Fun Ab, <br>Kolabackav\u00e4gen 14, <br>00890 HELSINGFORS  <br>FO-nummer 2108852-3<\/p>\n\n\n\n<h4 class=\"wp-block-heading\">2. Registrets namn<\/h4>\n\n\n\n<p>Sail4Fun&#8217;s kundregister<\/p>\n\n\n\n<h4 class=\"wp-block-heading\">3. Registrets kontaktperson<\/h4>\n\n\n\n<p>Anders Wikstr\u00f6m, <br><a href=\"mailto:anders@sail4fun.fi\">anders@sail4fun.fi<\/a><\/p>\n\n\n\n<h4 class=\"wp-block-heading\">4. R\u00e4ttslig grund och syftet med hanteringen av personuppgifter<\/h4>\n\n\n\n<p>Den r\u00e4ttsliga grunden f\u00f6r behandling av personuppgifter enligt EU:s allm\u00e4nna databeskrivningsf\u00f6rordning \u00e4r:<br>&#8211; samtycke fr\u00e5n personen<br>&#8211; avtalet d\u00e4r den registrerade parten \u00e4r en part<br>&#8211; lagen (nationell lagstiftning i olika EU-l\u00e4nder som g\u00e4ller sj\u00f6trafik&nbsp;och bes\u00e4ttningslistor)<br>&#8211; personuppgiftshanterarens&nbsp;ber\u00e4ttigade intresse i f\u00f6rh\u00e5llande till kunden.<\/p>\n\n\n\n<p>Personuppgifter hanteras och behandlas f\u00f6r f\u00f6ljande \u00e4ndam\u00e5l:<br>&#8211; marknadsf\u00f6ring av produkter och tj\u00e4nster<br>&#8211; kundhantering och kundf\u00f6rv\u00e4rv<br>&#8211; unders\u00f6kningar<br>&#8211; tillhandah\u00e5lla och leverera tj\u00e4nster till kunder<br>&#8211; uppfyllande av myndighetskrav och nationell och internationell lagstiftning<br>&#8211; s\u00e4kerhet och h\u00e4lsa under evenemang och seglatser<\/p>\n\n\n\n<h4 class=\"wp-block-heading\">5. Inneh\u00e5llet i registret<\/h4>\n\n\n\n<p>I registret hanteras information om:<br>&#8211; potentiella kunder och intressenter<br>&#8211; kunder och deras ICE-kontakter<br>&#8211; tj\u00e4nsteleverant\u00f6rer<\/p>\n\n\n\n<p>Personinformation som lagras i registret kan best\u00e5 av:<br>&#8211; namn, adress, telefonnummer, epost-adress och andra kontaktuppgifter<br>&#8211; passuppgifter s\u00e5 som, fullst\u00e4ndigt namn, passnummer, passets utf\u00e4rdelsedatum, passets sista giltighetsdag, f\u00f6delseort, k\u00f6n och nationalitet.<br>&#8211; dieter, allergier, kontaktperson (namn och telefonnummer) i fall av n\u00f6dsituation (ICE) och annan relevant information som h\u00e4nf\u00f6r sig till bes\u00e4ttningens s\u00e4kerhet och h\u00e4lsa. <\/p>\n\n\n\n<h4 class=\"wp-block-heading\">6. \u00d6verf\u00f6ring av data till tredje part eller internationella organisationer<\/h4>\n\n\n\n<p>Ingen information \u00f6verl\u00e4mnas i n\u00e5gon form regelbundet till tredje part.<br>Data hanteras endast i servrar som uppfyller EU:s krav p\u00e5 datas\u00e4kerhet och personuppgiftslag.<br><br>Personuppgifter som samlats in f\u00f6r deltagande i seglatser och evenemang kan vid behov  \u00f6verl\u00e4mnas till tredje part d\u00e5 det kr\u00e4vs f\u00f6r att erbjudna de \u00f6verenskomna tj\u00e4nsterna.<br><br>Uppgifter g\u00e4llande allergier, dieter och andra sk. s\u00e4rskilda personuppgifter hanteras med extra varsamhet och ges anonymiserade till tredje part, d\u00e4r det \u00e4r m\u00f6jligt.<br><br>Passuppgifter samlas f\u00f6r att fylla myndigheters krav p\u00e5 passagerarlistor och dessa f\u00f6rmedlas till lokala myndigheter via charterbolagen. <\/p>\n\n\n\n<h4 class=\"wp-block-heading\">7. F\u00f6rvaringstider f\u00f6r uppgifter<\/h4>\n\n\n\n<p>Kontaktuppgifter och historik av kontakter till potentiella kunder, kunder, intressenter och tj\u00e4nsteleverant\u00f6rer sparas s\u00e5 l\u00e4nge detta \u00e4r relevant f\u00f6r skapande av ett kundf\u00f6rh\u00e5llande, uppr\u00e4tth\u00e5llande av ett kundf\u00f6rh\u00e5llande eller erbjudande av tj\u00e4nster. Kontakter utan relevans raderas \u00e5rligen.<br><br>Personuppgifter som h\u00e4nf\u00f6r sig till, och har samlats in f\u00f6r evenemang och seglatser, sparas h\u00f6gst 12 m\u00e5nader efter att evenemanget eller seglatsen har avslutats. Till dessa r\u00e4knas uppgifter om deltagares allergier, dieter, <br><br>Passuppgifterna raderas senast 12 m\u00e5nader efter att evenemanget eller seglatsen avslutats eller d\u00e5 passet giltighetstid har g\u00e5tt ut. <\/p>\n\n\n\n<h4 class=\"wp-block-heading\">8. Informationsk\u00e4llor<\/h4>\n\n\n\n<p>Informationen i registret kommer fr\u00e5n uppgifter som kunden har gett vid:<\/p>\n\n\n\n<ul class=\"wp-block-list\"><li>best\u00e4llning av nyhetsbrev<\/li><li>anm\u00e4lningar till evenemang eller seglatser<\/li><li>deltagande i t\u00e4vlingar<\/li><li>kontakter via telefon, e-post eller via andra digitala kanaler samt personlig kontakt<\/li><li>skapandet av kontakt via sociala medier<\/li><\/ul>\n\n\n\n<h4 class=\"wp-block-heading\">9. Den registrerades r\u00e4ttigheter<\/h4>\n\n\n\n<p>Den registrerade har r\u00e4tt att kontrollera alla registeruppgifter som r\u00f6r den registrerade och beg\u00e4ra korrigering av felaktig information eller komplettering av ofullst\u00e4ndig information. <\/p>\n\n\n\n<p>Den registrerade har \u00e4ven r\u00e4tt att f\u00f6rbjuda anv\u00e4ndningen av sin information f\u00f6r marknadsf\u00f6ring samt r\u00e4tt att kr\u00e4va att bli gl\u00f6md och att de egna personuppgifterna avl\u00e4gsnas. P\u00e5 samma s\u00e4tt har de registrerade andra r\u00e4ttigheter enligt EU: s allm\u00e4nna databeskrivningsf\u00f6rordning, s\u00e5som att begr\u00e4nsa behandlingen av personuppgifter i vissa situationer.<\/p>\n\n\n\n<p>Beg\u00e4ran om kontroll, korrigering, komplettering, begr\u00e4nsning av anv\u00e4ndning av information samt beg\u00e4ran om att bli gl\u00f6md b\u00f6r ske skriftligen och skickas till den person som ansvarar f\u00f6r registret. R\u00e4tten att ut\u00f6va insyn \u00e4r kostnadsfri om den sker en g\u00e5ng per \u00e5r. Beg\u00e4ran kan skickas till adressen info@sail4fun.fi.<br>F\u00f6r att garantera att uppgifterna inte l\u00e4mnas till fel person kan Sail4Fun kr\u00e4va att s\u00f6kande bevisar sin identitet.<\/p>\n\n\n\n<h4 class=\"wp-block-heading\">10. Datas\u00e4kerhet<\/h4>\n\n\n\n<p>Uppgifterna lagras <\/p>\n\n\n\n<p>Registret lagras endast i elektronisk form p\u00e5 servrar p\u00e5 internet och endast de personer som den  personuppgiftsansvarige har befullm\u00e4ktigat har r\u00e4tt att anv\u00e4nda registret. Varje  anv\u00e4ndare har ett personligt anv\u00e4ndarnamn och l\u00f6senord. Sekretessplikten \u00e4r bindande  f\u00f6r personer som behandlar registeruppgifter. <br>Servarna d\u00e4r data behandlas uppfyller kraven p\u00e5 h\u00f6g datas\u00e4kerhet.<\/p>\n\n\n\n<h4 class=\"wp-block-heading\">11. Cookies<\/h4>\n\n\n\n<p>P\u00e5 Sail4Fun&#8217;s webplats&nbsp;<a rel=\"noreferrer noopener\" href=\"http:\/\/www.mizzen.fi\/\" target=\"_blank\">www.sail4fun.fi<\/a>&nbsp;anv\u00e4nds &nbsp;cookies. Vi anv\u00e4nder cookies f\u00f6r att f\u00f6rb\u00e4ttra anv\u00e4ndarupplevelse och service.<\/p>\n","protected":false},"excerpt":{"rendered":"<p>Register- och dataskyddsbeskrivning 1. Personuppgiftsansvarig Oy Sail4Fun Ab, Kolabackav\u00e4gen 14, 00890 HELSINGFORS FO-nummer 2108852-3 2. Registrets namn Sail4Fun&#8217;s kundregister 3. Registrets kontaktperson Anders Wikstr\u00f6m, anders@sail4fun.fi 4. R\u00e4ttslig grund och syftet &#8230;<\/p>\n","protected":false},"author":1,"featured_media":0,"parent":0,"menu_order":0,"comment_status":"closed","ping_status":"closed","template":"","meta":{"om_disable_all_campaigns":false,"_monsterinsights_skip_tracking":false,"_monsterinsights_sitenote_active":false,"_monsterinsights_sitenote_note":"","_monsterinsights_sitenote_category":0,"footnotes":""},"class_list":["post-2475","page","type-page","status-publish","hentry"],"aioseo_notices":[],"amp_enabled":true,"_links":{"self":[{"href":"https:\/\/sail4fun.fi\/en\/wp-json\/wp\/v2\/pages\/2475","targetHints":{"allow":["GET"]}}],"collection":[{"href":"https:\/\/sail4fun.fi\/en\/wp-json\/wp\/v2\/pages"}],"about":[{"href":"https:\/\/sail4fun.fi\/en\/wp-json\/wp\/v2\/types\/page"}],"author":[{"embeddable":true,"href":"https:\/\/sail4fun.fi\/en\/wp-json\/wp\/v2\/users\/1"}],"replies":[{"embeddable":true,"href":"https:\/\/sail4fun.fi\/en\/wp-json\/wp\/v2\/comments?post=2475"}],"version-history":[{"count":5,"href":"https:\/\/sail4fun.fi\/en\/wp-json\/wp\/v2\/pages\/2475\/revisions"}],"predecessor-version":[{"id":25758,"href":"https:\/\/sail4fun.fi\/en\/wp-json\/wp\/v2\/pages\/2475\/revisions\/25758"}],"wp:attachment":[{"href":"https:\/\/sail4fun.fi\/en\/wp-json\/wp\/v2\/media?parent=2475"}],"curies":[{"name":"wp","href":"https:\/\/api.w.org\/{rel}","templated":true}]}}